{"id":10,"date":"2024-01-15T20:59:54","date_gmt":"2024-01-15T20:59:54","guid":{"rendered":"https:\/\/mvheigenbrcken2024.live-website.com\/?page_id=10"},"modified":"2024-01-20T19:11:25","modified_gmt":"2024-01-20T19:11:25","slug":"contact","status":"publish","type":"page","link":"https:\/\/www.musikverein-heigenbruecken.de\/?page_id=10","title":{"rendered":"Kontakt"},"content":{"rendered":"\n<div class=\"wp-block-cover alignfull is-light\" style=\"min-height:639px;aspect-ratio:unset;\"><span aria-hidden=\"true\" class=\"wp-block-cover__background has-nv-light-bg-background-color has-background-dim-100 has-background-dim\"><\/span><div class=\"wp-block-cover__inner-container is-layout-flow wp-block-cover-is-layout-flow\">\n<div style=\"height:80px\" aria-hidden=\"true\" class=\"wp-block-spacer\"><\/div>\n\n\n\n<div class=\"wp-block-columns is-layout-flex wp-container-core-columns-is-layout-9d6595d7 wp-block-columns-is-layout-flex\">\n<div class=\"wp-block-column is-layout-flow wp-block-column-is-layout-flow\">\n<div style=\"height:24px\" aria-hidden=\"true\" class=\"wp-block-spacer\"><\/div>\n\n\n<div class=\"wp-block-image is-resized icon-style is-style-rounded\">\n<figure class=\"aligncenter\"><img decoding=\"async\" src=\"https:\/\/mvheigenbrcken2024.live-website.com\/wp-content\/themes\/neve\/assets\/img\/starter-content\/icon-04.svg\" alt=\"\"\/><\/figure>\n<\/div>\n\n\n<div style=\"height:5px\" aria-hidden=\"true\" class=\"wp-block-spacer\"><\/div>\n\n\n\n<h3 class=\"wp-block-heading has-text-align-center has-neve-text-color-color has-text-color\">Vereinsheim am Ba\u00dfberg<\/h3>\n\n\n\n<div style=\"height:3px\" aria-hidden=\"true\" class=\"wp-block-spacer\"><\/div>\n\n\n\n<p class=\"has-text-align-center has-neve-text-color-color has-text-color\" style=\"font-size:15px\">Am Ba\u00dfberg, 63869 Heigenbr\u00fccken (unterhalb des Sch\u00fctzenheim)<\/p>\n\n\n\n<div class=\"wp-block-buttons alignwide is-content-justification-center is-layout-flex wp-container-core-buttons-is-layout-28206b41 wp-block-buttons-is-layout-flex\">\n<div class=\"wp-block-button\"><a class=\"wp-block-button__link wp-element-button\" href=\"https:\/\/maps.app.goo.gl\/tMSNcdF1rFPjYgNH8\" target=\"_blank\" rel=\"noreferrer noopener\">Google Maps<\/a><\/div>\n<\/div>\n\n\n\n<div style=\"height:24px\" aria-hidden=\"true\" class=\"wp-block-spacer\"><\/div>\n<\/div>\n\n\n\n<div class=\"wp-block-column is-layout-flow wp-block-column-is-layout-flow\">\n<div style=\"height:24px\" aria-hidden=\"true\" class=\"wp-block-spacer\"><\/div>\n\n\n<div class=\"wp-block-image is-resized icon-style is-style-rounded\">\n<figure class=\"aligncenter\"><img decoding=\"async\" src=\"https:\/\/mvheigenbrcken2024.live-website.com\/wp-content\/themes\/neve\/assets\/img\/starter-content\/icon-06.svg\" alt=\"\"\/><\/figure>\n<\/div>\n\n\n<div style=\"height:5px\" aria-hidden=\"true\" class=\"wp-block-spacer\"><\/div>\n\n\n\n<h3 class=\"wp-block-heading has-text-align-center has-neve-text-color-color has-text-color\">E-Mail<\/h3>\n\n\n\n<div style=\"height:3px\" aria-hidden=\"true\" class=\"wp-block-spacer\"><\/div>\n\n\n\n<p class=\"has-text-align-center has-neve-text-color-color has-text-color\" style=\"font-size:15px\">info@musikverein-heigenbruecken.de<\/p>\n\n\n\n<div class=\"wp-block-buttons is-content-justification-center is-layout-flex wp-container-core-buttons-is-layout-16018d1d wp-block-buttons-is-layout-flex\">\n<div class=\"wp-block-button\"><a class=\"wp-block-button__link wp-element-button\" href=\"mailto:info@musikverein-heigenbruecken.de\" target=\"_blank\" rel=\"noreferrer noopener\">E-Mail Nachricht<\/a><\/div>\n<\/div>\n\n\n\n<div style=\"height:24px\" aria-hidden=\"true\" class=\"wp-block-spacer\"><\/div>\n<\/div>\n<\/div>\n\n\n\n<div style=\"height:30px\" aria-hidden=\"true\" class=\"wp-block-spacer\"><\/div>\n<\/div><\/div>\n\n\n\n<div class=\"wp-block-cover alignfull is-light\" style=\"min-height:600px;aspect-ratio:unset;\"><span aria-hidden=\"true\" class=\"wp-block-cover__background has-nv-dark-bg-background-color has-background-dim-100 has-background-dim\"><\/span><div class=\"wp-block-cover__inner-container is-layout-flow wp-block-cover-is-layout-flow\">\n<div class=\"wp-block-group\"><div class=\"wp-block-group__inner-container is-layout-flow wp-block-group-is-layout-flow\">\n<div style=\"height:80px\" aria-hidden=\"true\" class=\"wp-block-spacer\"><\/div>\n\n\n\n<div class=\"wp-block-group\"><div class=\"wp-block-group__inner-container is-layout-constrained wp-block-group-is-layout-constrained\">\n<div class=\"wp-block-columns is-layout-flex wp-container-core-columns-is-layout-9d6595d7 wp-block-columns-is-layout-flex\">\n<div class=\"wp-block-column is-vertically-aligned-center is-layout-flow wp-block-column-is-layout-flow\" style=\"flex-basis:50%\">\n<h2 class=\"wp-block-heading has-nv-text-dark-bg-color has-text-color\">Senden Sie uns eine E-Mail oder besuchen Sie unser Vereinsheim an einer unserer Veranstaltungen!<\/h2>\n\n\n\n<p class=\"has-white-color has-text-color\">Unser Vereinsheim befindet sich in der Stra\u00dfe &#8222;Am Ba\u00dfberg&#8220; in 63869 Heigenbr\u00fccken unterhalb des Sch\u00fctzenheim.<\/p>\n<\/div>\n\n\n\n<div class=\"wp-block-column is-layout-flow wp-block-column-is-layout-flow\" style=\"flex-basis:50%\">\n<ul class=\"wp-block-social-links has-huge-icon-size is-style-logos-only is-horizontal is-content-justification-center is-layout-flex wp-container-core-social-links-is-layout-bbad216e wp-block-social-links-is-layout-flex\" style=\"padding-top:var(--wp--preset--spacing--70);padding-bottom:var(--wp--preset--spacing--70)\"><li class=\"wp-social-link wp-social-link-facebook  wp-block-social-link\"><a rel=\"noopener nofollow\" target=\"_blank\" href=\"https:\/\/facebook.com\/mvheigenbruecken\" class=\"wp-block-social-link-anchor\"><svg width=\"24\" height=\"24\" viewBox=\"0 0 24 24\" version=\"1.1\" xmlns=\"http:\/\/www.w3.org\/2000\/svg\" aria-hidden=\"true\" focusable=\"false\"><path d=\"M12 2C6.5 2 2 6.5 2 12c0 5 3.7 9.1 8.4 9.9v-7H7.9V12h2.5V9.8c0-2.5 1.5-3.9 3.8-3.9 1.1 0 2.2.2 2.2.2v2.5h-1.3c-1.2 0-1.6.8-1.6 1.6V12h2.8l-.4 2.9h-2.3v7C18.3 21.1 22 17 22 12c0-5.5-4.5-10-10-10z\"><\/path><\/svg><span class=\"wp-block-social-link-label screen-reader-text\">Facebook<\/span><\/a><\/li>\n\n<li class=\"wp-social-link wp-social-link-instagram  wp-block-social-link\"><a rel=\"noopener nofollow\" target=\"_blank\" href=\"https:\/\/instagram.com\/musikverein_heigenbruecken\" class=\"wp-block-social-link-anchor\"><svg width=\"24\" height=\"24\" viewBox=\"0 0 24 24\" version=\"1.1\" xmlns=\"http:\/\/www.w3.org\/2000\/svg\" aria-hidden=\"true\" focusable=\"false\"><path d=\"M12,4.622c2.403,0,2.688,0.009,3.637,0.052c0.877,0.04,1.354,0.187,1.671,0.31c0.42,0.163,0.72,0.358,1.035,0.673 c0.315,0.315,0.51,0.615,0.673,1.035c0.123,0.317,0.27,0.794,0.31,1.671c0.043,0.949,0.052,1.234,0.052,3.637 s-0.009,2.688-0.052,3.637c-0.04,0.877-0.187,1.354-0.31,1.671c-0.163,0.42-0.358,0.72-0.673,1.035 c-0.315,0.315-0.615,0.51-1.035,0.673c-0.317,0.123-0.794,0.27-1.671,0.31c-0.949,0.043-1.233,0.052-3.637,0.052 s-2.688-0.009-3.637-0.052c-0.877-0.04-1.354-0.187-1.671-0.31c-0.42-0.163-0.72-0.358-1.035-0.673 c-0.315-0.315-0.51-0.615-0.673-1.035c-0.123-0.317-0.27-0.794-0.31-1.671C4.631,14.688,4.622,14.403,4.622,12 s0.009-2.688,0.052-3.637c0.04-0.877,0.187-1.354,0.31-1.671c0.163-0.42,0.358-0.72,0.673-1.035 c0.315-0.315,0.615-0.51,1.035-0.673c0.317-0.123,0.794-0.27,1.671-0.31C9.312,4.631,9.597,4.622,12,4.622 M12,3 C9.556,3,9.249,3.01,8.289,3.054C7.331,3.098,6.677,3.25,6.105,3.472C5.513,3.702,5.011,4.01,4.511,4.511 c-0.5,0.5-0.808,1.002-1.038,1.594C3.25,6.677,3.098,7.331,3.054,8.289C3.01,9.249,3,9.556,3,12c0,2.444,0.01,2.751,0.054,3.711 c0.044,0.958,0.196,1.612,0.418,2.185c0.23,0.592,0.538,1.094,1.038,1.594c0.5,0.5,1.002,0.808,1.594,1.038 c0.572,0.222,1.227,0.375,2.185,0.418C9.249,20.99,9.556,21,12,21s2.751-0.01,3.711-0.054c0.958-0.044,1.612-0.196,2.185-0.418 c0.592-0.23,1.094-0.538,1.594-1.038c0.5-0.5,0.808-1.002,1.038-1.594c0.222-0.572,0.375-1.227,0.418-2.185 C20.99,14.751,21,14.444,21,12s-0.01-2.751-0.054-3.711c-0.044-0.958-0.196-1.612-0.418-2.185c-0.23-0.592-0.538-1.094-1.038-1.594 c-0.5-0.5-1.002-0.808-1.594-1.038c-0.572-0.222-1.227-0.375-2.185-0.418C14.751,3.01,14.444,3,12,3L12,3z M12,7.378 c-2.552,0-4.622,2.069-4.622,4.622S9.448,16.622,12,16.622s4.622-2.069,4.622-4.622S14.552,7.378,12,7.378z M12,15 c-1.657,0-3-1.343-3-3s1.343-3,3-3s3,1.343,3,3S13.657,15,12,15z M16.804,6.116c-0.596,0-1.08,0.484-1.08,1.08 s0.484,1.08,1.08,1.08c0.596,0,1.08-0.484,1.08-1.08S17.401,6.116,16.804,6.116z\"><\/path><\/svg><span class=\"wp-block-social-link-label screen-reader-text\">Instagram<\/span><\/a><\/li><\/ul>\n<\/div>\n<\/div>\n<\/div><\/div>\n\n\n<div id=\"wpgmza_map\" class=\"wpgmza_map\" data-settings='{\"id\":\"1\",\"map_title\":\"Vereinsheim Musikverein Heigenbr\\u00fccken\",\"map_width\":\"100\",\"map_height\":\"400\",\"map_start_lat\":\"50.03319575046831\",\"map_start_lng\":\"9.378036734451292\",\"map_start_location\":\"45.950464398418106,-109.81550500000003\",\"map_start_zoom\":\"10\",\"default_marker\":\"\",\"type\":\"0\",\"alignment\":\"4\",\"directions_enabled\":\"0\",\"styling_enabled\":\"0\",\"styling_json\":\"\",\"active\":\"0\",\"kml\":\"\",\"bicycle\":\"0\",\"traffic\":\"0\",\"dbox\":\"0\",\"dbox_width\":\"\",\"listmarkers\":\"0\",\"listmarkers_advanced\":\"0\",\"filterbycat\":\"0\",\"ugm_enabled\":\"0\",\"ugm_category_enabled\":\"0\",\"fusion\":\"\",\"map_width_type\":\"%\",\"map_height_type\":\"px\",\"mass_marker_support\":\"0\",\"ugm_access\":\"0\",\"order_markers_by\":\"0\",\"order_markers_choice\":\"0\",\"show_user_location\":\"0\",\"default_to\":\"\",\"other_settings\":{\"map_type\":1,\"sl_stroke_color\":\"\",\"sl_fill_color\":\"\",\"sl_stroke_opacity\":\"\",\"sl_fill_opacity\":\"\",\"transport_layer\":false,\"action\":\"wpgmza_save_map\",\"redirect_to\":\"\\\/wp-admin\\\/admin-post.php\",\"map_id\":\"1\",\"http_referer\":\"\\\/wp-admin\\\/admin.php?page=wp-google-maps-menu&amp;amp;action=edit&amp;amp;map_id=1\",\"wpgmza_id\":\"1\",\"wpgmza_start_location\":\"50.03319575046831,9.378036734451292\",\"wpgmza_start_zoom\":\"10\",\"store_locator_enabled\":false,\"store_locator_search_area\":\"radial\",\"wpgmza_store_locator_radius_style\":\"legacy\",\"wpgmza_store_locator_default_radius\":\"10\",\"store_locator_auto_area_max_zoom\":\"\",\"store_locator_distance\":false,\"wpgmza_store_locator_position\":false,\"store_locator_show_distance\":false,\"store_locator_category\":false,\"wpgmza_store_locator_use_their_location\":false,\"wpgmza_store_locator_bounce\":false,\"wpgmza_sl_animation\":null,\"wpgmza_store_locator_hide_before_search\":false,\"store_locator_query_string\":\"\",\"store_locator_location_placeholder\":\"\",\"store_locator_default_address\":\"\",\"store_locator_name_search\":false,\"store_locator_name_string\":\"\",\"store_locator_not_found_message\":\"\",\"wpgmza_map_align\":\"1\",\"jump_to_nearest_marker_on_initialization\":false,\"automatically_pan_to_users_location\":false,\"override_users_location_zoom_level\":false,\"override_users_location_zoom_levels\":\"\",\"show_distance_from_location\":false,\"map_max_zoom\":\"21\",\"map_min_zoom\":\"0\",\"click_open_link\":false,\"fit_maps_bounds_to_markers\":false,\"fit_maps_bounds_to_markers_after_filtering\":false,\"hide_point_of_interest\":false,\"wpgmza_zoom_on_marker_click\":false,\"wpgmza_zoom_on_marker_click_slider\":\"\",\"close_infowindow_on_map_click\":false,\"disable_lightbox_images\":false,\"use_Raw_Jpeg_Coordinates\":false,\"disable_polygon_info_windows\":false,\"enable_marker_ratings\":false,\"only_load_markers_within_viewport\":false,\"iw_primary_color\":\"#000000\",\"iw_accent_color\":\"#000000\",\"iw_text_color\":\"#000000\",\"wpgmza_listmarkers_by\":\"0\",\"wpgmza_marker_listing_position\":false,\"zoom_level_on_marker_listing_override\":false,\"zoom_level_on_marker_listing_click\":\"\",\"marker_listing_disable_zoom\":false,\"datatable_no_result_message\":\"\",\"remove_search_box_datables\":false,\"dataTable_pagination_style\":null,\"datatable_search_string\":\"\",\"datatable_result_start\":\"\",\"datatable_result_of\":\"\",\"datatable_result_to\":\"\",\"datatable_result_total\":\"\",\"datatable_result_show\":\"\",\"datatable_result_entries\":\"\",\"wpgmza_savemap\":\"Karte speichern \\u00bb\"}}' data-map-id='1' Data-maps-engine='open-layers' data-shortcode-attributes='{\"id\":\"1\"}' style=\"display:block; overflow:auto; width:100%; height:400px; float:left;\"><\/div>\n\n\n<div style=\"height:40px\" aria-hidden=\"true\" class=\"wp-block-spacer\"><\/div>\n<\/div><\/div>\n<\/div><\/div>\n","protected":false},"excerpt":{"rendered":"","protected":false},"author":1,"featured_media":0,"parent":0,"menu_order":4,"comment_status":"closed","ping_status":"closed","template":"","meta":{"neve_meta_sidebar":"","neve_meta_container":"","neve_meta_enable_content_width":"on","neve_meta_content_width":100,"neve_meta_title_alignment":"","neve_meta_author_avatar":"","neve_post_elements_order":"","neve_meta_disable_header":"off","neve_meta_disable_footer":"on","neve_meta_disable_title":"on","footnotes":""},"class_list":["post-10","page","type-page","status-publish","hentry"],"yoast_head":"<!-- This site is optimized with the Yoast SEO plugin v27.1.1 - https:\/\/yoast.com\/product\/yoast-seo-wordpress\/ -->\n<title>Kontakt - Musikverein 1960 Heigenbr\u00fccken e.V.<\/title>\n<meta name=\"robots\" content=\"index, follow, max-snippet:-1, max-image-preview:large, max-video-preview:-1\" \/>\n<link rel=\"canonical\" href=\"https:\/\/www.musikverein-heigenbruecken.de\/?page_id=10\" \/>\n<meta property=\"og:locale\" content=\"de_DE\" \/>\n<meta property=\"og:type\" content=\"article\" \/>\n<meta property=\"og:title\" content=\"Kontakt - Musikverein 1960 Heigenbr\u00fccken e.V.\" \/>\n<meta property=\"og:url\" content=\"https:\/\/www.musikverein-heigenbruecken.de\/?page_id=10\" \/>\n<meta property=\"og:site_name\" content=\"Musikverein 1960 Heigenbr\u00fccken e.V.\" \/>\n<meta property=\"article:publisher\" content=\"https:\/\/www.facebook.com\/mvheigenbruecken\/\" \/>\n<meta property=\"article:modified_time\" content=\"2024-01-20T19:11:25+00:00\" \/>\n<meta property=\"og:image\" content=\"https:\/\/mvheigenbrcken2024.live-website.com\/wp-content\/themes\/neve\/assets\/img\/starter-content\/icon-04.svg\" \/>\n<meta name=\"twitter:card\" content=\"summary_large_image\" \/>\n<script type=\"application\/ld+json\" class=\"yoast-schema-graph\">{\"@context\":\"https:\/\/schema.org\",\"@graph\":[{\"@type\":\"WebPage\",\"@id\":\"https:\/\/www.musikverein-heigenbruecken.de\/?page_id=10\",\"url\":\"https:\/\/www.musikverein-heigenbruecken.de\/?page_id=10\",\"name\":\"Kontakt - Musikverein 1960 Heigenbr\u00fccken e.V.\",\"isPartOf\":{\"@id\":\"http:\/\/www.musikverein-heigenbruecken.de\/#website\"},\"primaryImageOfPage\":{\"@id\":\"https:\/\/www.musikverein-heigenbruecken.de\/?page_id=10#primaryimage\"},\"image\":{\"@id\":\"https:\/\/www.musikverein-heigenbruecken.de\/?page_id=10#primaryimage\"},\"thumbnailUrl\":\"https:\/\/mvheigenbrcken2024.live-website.com\/wp-content\/themes\/neve\/assets\/img\/starter-content\/icon-04.svg\",\"datePublished\":\"2024-01-15T20:59:54+00:00\",\"dateModified\":\"2024-01-20T19:11:25+00:00\",\"breadcrumb\":{\"@id\":\"https:\/\/www.musikverein-heigenbruecken.de\/?page_id=10#breadcrumb\"},\"inLanguage\":\"de\",\"potentialAction\":[{\"@type\":\"ReadAction\",\"target\":[\"https:\/\/www.musikverein-heigenbruecken.de\/?page_id=10\"]}]},{\"@type\":\"ImageObject\",\"inLanguage\":\"de\",\"@id\":\"https:\/\/www.musikverein-heigenbruecken.de\/?page_id=10#primaryimage\",\"url\":\"https:\/\/mvheigenbrcken2024.live-website.com\/wp-content\/themes\/neve\/assets\/img\/starter-content\/icon-04.svg\",\"contentUrl\":\"https:\/\/mvheigenbrcken2024.live-website.com\/wp-content\/themes\/neve\/assets\/img\/starter-content\/icon-04.svg\"},{\"@type\":\"BreadcrumbList\",\"@id\":\"https:\/\/www.musikverein-heigenbruecken.de\/?page_id=10#breadcrumb\",\"itemListElement\":[{\"@type\":\"ListItem\",\"position\":1,\"name\":\"Startseite\",\"item\":\"http:\/\/www.musikverein-heigenbruecken.de\/\"},{\"@type\":\"ListItem\",\"position\":2,\"name\":\"Kontakt\"}]},{\"@type\":\"WebSite\",\"@id\":\"http:\/\/www.musikverein-heigenbruecken.de\/#website\",\"url\":\"http:\/\/www.musikverein-heigenbruecken.de\/\",\"name\":\"Musikverein 1960 Heigenbr\u00fccken e.V.\",\"description\":\"Blasmusik &amp; Unterhaltung aus Heigenbr\u00fccken\",\"publisher\":{\"@id\":\"http:\/\/www.musikverein-heigenbruecken.de\/#organization\"},\"potentialAction\":[{\"@type\":\"SearchAction\",\"target\":{\"@type\":\"EntryPoint\",\"urlTemplate\":\"http:\/\/www.musikverein-heigenbruecken.de\/?s={search_term_string}\"},\"query-input\":{\"@type\":\"PropertyValueSpecification\",\"valueRequired\":true,\"valueName\":\"search_term_string\"}}],\"inLanguage\":\"de\"},{\"@type\":\"Organization\",\"@id\":\"http:\/\/www.musikverein-heigenbruecken.de\/#organization\",\"name\":\"Musikverein 1960 Heigenbr\u00fccken e.V.\",\"url\":\"http:\/\/www.musikverein-heigenbruecken.de\/\",\"logo\":{\"@type\":\"ImageObject\",\"inLanguage\":\"de\",\"@id\":\"http:\/\/www.musikverein-heigenbruecken.de\/#\/schema\/logo\/image\/\",\"url\":\"https:\/\/www.musikverein-heigenbruecken.de\/wp-content\/uploads\/2024\/01\/image-edited.png\",\"contentUrl\":\"https:\/\/www.musikverein-heigenbruecken.de\/wp-content\/uploads\/2024\/01\/image-edited.png\",\"width\":434,\"height\":434,\"caption\":\"Musikverein 1960 Heigenbr\u00fccken e.V.\"},\"image\":{\"@id\":\"http:\/\/www.musikverein-heigenbruecken.de\/#\/schema\/logo\/image\/\"},\"sameAs\":[\"https:\/\/www.facebook.com\/mvheigenbruecken\/\",\"https:\/\/www.instagram.com\/musikverein_heigenbruecken\/\"]}]}<\/script>\n<!-- \/ Yoast SEO plugin. -->","yoast_head_json":{"title":"Kontakt - Musikverein 1960 Heigenbr\u00fccken e.V.","robots":{"index":"index","follow":"follow","max-snippet":"max-snippet:-1","max-image-preview":"max-image-preview:large","max-video-preview":"max-video-preview:-1"},"canonical":"https:\/\/www.musikverein-heigenbruecken.de\/?page_id=10","og_locale":"de_DE","og_type":"article","og_title":"Kontakt - Musikverein 1960 Heigenbr\u00fccken e.V.","og_url":"https:\/\/www.musikverein-heigenbruecken.de\/?page_id=10","og_site_name":"Musikverein 1960 Heigenbr\u00fccken e.V.","article_publisher":"https:\/\/www.facebook.com\/mvheigenbruecken\/","article_modified_time":"2024-01-20T19:11:25+00:00","og_image":[{"url":"https:\/\/mvheigenbrcken2024.live-website.com\/wp-content\/themes\/neve\/assets\/img\/starter-content\/icon-04.svg","type":"","width":"","height":""}],"twitter_card":"summary_large_image","schema":{"@context":"https:\/\/schema.org","@graph":[{"@type":"WebPage","@id":"https:\/\/www.musikverein-heigenbruecken.de\/?page_id=10","url":"https:\/\/www.musikverein-heigenbruecken.de\/?page_id=10","name":"Kontakt - Musikverein 1960 Heigenbr\u00fccken e.V.","isPartOf":{"@id":"http:\/\/www.musikverein-heigenbruecken.de\/#website"},"primaryImageOfPage":{"@id":"https:\/\/www.musikverein-heigenbruecken.de\/?page_id=10#primaryimage"},"image":{"@id":"https:\/\/www.musikverein-heigenbruecken.de\/?page_id=10#primaryimage"},"thumbnailUrl":"https:\/\/mvheigenbrcken2024.live-website.com\/wp-content\/themes\/neve\/assets\/img\/starter-content\/icon-04.svg","datePublished":"2024-01-15T20:59:54+00:00","dateModified":"2024-01-20T19:11:25+00:00","breadcrumb":{"@id":"https:\/\/www.musikverein-heigenbruecken.de\/?page_id=10#breadcrumb"},"inLanguage":"de","potentialAction":[{"@type":"ReadAction","target":["https:\/\/www.musikverein-heigenbruecken.de\/?page_id=10"]}]},{"@type":"ImageObject","inLanguage":"de","@id":"https:\/\/www.musikverein-heigenbruecken.de\/?page_id=10#primaryimage","url":"https:\/\/mvheigenbrcken2024.live-website.com\/wp-content\/themes\/neve\/assets\/img\/starter-content\/icon-04.svg","contentUrl":"https:\/\/mvheigenbrcken2024.live-website.com\/wp-content\/themes\/neve\/assets\/img\/starter-content\/icon-04.svg"},{"@type":"BreadcrumbList","@id":"https:\/\/www.musikverein-heigenbruecken.de\/?page_id=10#breadcrumb","itemListElement":[{"@type":"ListItem","position":1,"name":"Startseite","item":"http:\/\/www.musikverein-heigenbruecken.de\/"},{"@type":"ListItem","position":2,"name":"Kontakt"}]},{"@type":"WebSite","@id":"http:\/\/www.musikverein-heigenbruecken.de\/#website","url":"http:\/\/www.musikverein-heigenbruecken.de\/","name":"Musikverein 1960 Heigenbr\u00fccken e.V.","description":"Blasmusik &amp; Unterhaltung aus Heigenbr\u00fccken","publisher":{"@id":"http:\/\/www.musikverein-heigenbruecken.de\/#organization"},"potentialAction":[{"@type":"SearchAction","target":{"@type":"EntryPoint","urlTemplate":"http:\/\/www.musikverein-heigenbruecken.de\/?s={search_term_string}"},"query-input":{"@type":"PropertyValueSpecification","valueRequired":true,"valueName":"search_term_string"}}],"inLanguage":"de"},{"@type":"Organization","@id":"http:\/\/www.musikverein-heigenbruecken.de\/#organization","name":"Musikverein 1960 Heigenbr\u00fccken e.V.","url":"http:\/\/www.musikverein-heigenbruecken.de\/","logo":{"@type":"ImageObject","inLanguage":"de","@id":"http:\/\/www.musikverein-heigenbruecken.de\/#\/schema\/logo\/image\/","url":"https:\/\/www.musikverein-heigenbruecken.de\/wp-content\/uploads\/2024\/01\/image-edited.png","contentUrl":"https:\/\/www.musikverein-heigenbruecken.de\/wp-content\/uploads\/2024\/01\/image-edited.png","width":434,"height":434,"caption":"Musikverein 1960 Heigenbr\u00fccken e.V."},"image":{"@id":"http:\/\/www.musikverein-heigenbruecken.de\/#\/schema\/logo\/image\/"},"sameAs":["https:\/\/www.facebook.com\/mvheigenbruecken\/","https:\/\/www.instagram.com\/musikverein_heigenbruecken\/"]}]}},"_links":{"self":[{"href":"https:\/\/www.musikverein-heigenbruecken.de\/index.php?rest_route=\/wp\/v2\/pages\/10","targetHints":{"allow":["GET"]}}],"collection":[{"href":"https:\/\/www.musikverein-heigenbruecken.de\/index.php?rest_route=\/wp\/v2\/pages"}],"about":[{"href":"https:\/\/www.musikverein-heigenbruecken.de\/index.php?rest_route=\/wp\/v2\/types\/page"}],"author":[{"embeddable":true,"href":"https:\/\/www.musikverein-heigenbruecken.de\/index.php?rest_route=\/wp\/v2\/users\/1"}],"replies":[{"embeddable":true,"href":"https:\/\/www.musikverein-heigenbruecken.de\/index.php?rest_route=%2Fwp%2Fv2%2Fcomments&post=10"}],"version-history":[{"count":12,"href":"https:\/\/www.musikverein-heigenbruecken.de\/index.php?rest_route=\/wp\/v2\/pages\/10\/revisions"}],"predecessor-version":[{"id":329,"href":"https:\/\/www.musikverein-heigenbruecken.de\/index.php?rest_route=\/wp\/v2\/pages\/10\/revisions\/329"}],"wp:attachment":[{"href":"https:\/\/www.musikverein-heigenbruecken.de\/index.php?rest_route=%2Fwp%2Fv2%2Fmedia&parent=10"}],"curies":[{"name":"wp","href":"https:\/\/api.w.org\/{rel}","templated":true}]}}